{"id":1480,"date":"2021-06-30T17:19:17","date_gmt":"2021-06-30T15:19:17","guid":{"rendered":"https:\/\/www.goldendreamcatchers.de\/wordpress\/?page_id=1480"},"modified":"2022-06-11T15:39:54","modified_gmt":"2022-06-11T13:39:54","slug":"h-wurf","status":"publish","type":"page","link":"https:\/\/www.goldendreamcatchers.de\/wordpress\/h-wurf\/","title":{"rendered":"H &#8211; Wurf"},"content":{"rendered":"\n<p><a href=\"https:\/\/www.goldendreamcatchers.de\/wordpress\/galerie\/\">Aktuelle Bilder vom H-Wurf:<\/a><\/p>\n\n\n\n<hr class=\"wp-block-separator\"\/>\n\n\n\n<p>Nach sorgf\u00e4ltiger Auswahl des Deckr\u00fcdens, haben wir uns f\u00fcr\u00a0den R\u00fcden Crown Prince Iz Stolitsy Ural, &#8222;Myron&#8220; aus dem Kennel Sequins von C. Knippenborg in den Niederlanden entschieden. Wir erhoffen uns aus dieser Verpaarung \u00a0creme bis hellgoldene Welpen, die sich durch ihr sanftes Wesen mit viel &#8222;will to please&#8220; auszeichnen.<\/p>\n\n\n\n<h5 class=\"wp-block-heading\">Inzwischen waren wir bei Myron:<\/h5>\n\n\n\n<p>Am 22.04. und 23.04.2021 &#8211; Charly wurde von Myron gedeckt. Nach gut 3,5 Wochen hat uns der Ultraschall best\u00e4tigt, dass Charly tragend ist. Wir haben kleine pochende Welpenherzchen gesehen \ud83d\ude42<\/p>\n\n\n\n<p>23.06.2021  &#8211; Unser H-Wurf ist gl\u00fccklich und gesund gelandet. Charly schenkte uns 6 gesunde R\u00fcden.<\/p>\n\n\n\n<figure class=\"wp-block-image size-large\"><img loading=\"lazy\" decoding=\"async\" width=\"1024\" height=\"577\" src=\"https:\/\/www.goldendreamcatchers.de\/wordpress\/wp-content\/uploads\/2021\/06\/Myron-und-Charly-K-klein-1024x577.png\" alt=\"\" class=\"wp-image-1498\" srcset=\"https:\/\/www.goldendreamcatchers.de\/wordpress\/wp-content\/uploads\/2021\/06\/Myron-und-Charly-K-klein-1024x577.png 1024w, https:\/\/www.goldendreamcatchers.de\/wordpress\/wp-content\/uploads\/2021\/06\/Myron-und-Charly-K-klein-300x169.png 300w, https:\/\/www.goldendreamcatchers.de\/wordpress\/wp-content\/uploads\/2021\/06\/Myron-und-Charly-K-klein-768x433.png 768w, https:\/\/www.goldendreamcatchers.de\/wordpress\/wp-content\/uploads\/2021\/06\/Myron-und-Charly-K-klein.png 1500w\" sizes=\"auto, (max-width: 1024px) 100vw, 1024px\" \/><\/figure>\n\n\n\n<hr class=\"wp-block-separator\"\/>\n\n\n\n<h5 class=\"wp-block-heading\">Ahnentafel der Welpen:<\/h5>\n\n\n<div class=\"supsystic-table-loader spinner\"style=\"background-color:#000000\"><\/div><div id=\"supsystic-table-23_8070\" class=\"supsystic-tables-wrap \" style=\" width:100%; visibility: hidden; \" data-table-width-fixed=\"100%\" data-table-width-mobile=\"100%\" ><table id=\"supsystic-table-23\" class=\"supsystic-table border lightboxImg row-border\" data-id=\"23\" data-view-id=\"23_8070\" data-title=\"pedigree h-Wurf\" data-currency-format=\"$1,000.00\" data-percent-format=\"10.00%\" data-date-format=\"DD.MM.YYYY\" data-time-format=\"HH:mm\" data-features=\"[&quot;after_table_loaded_script&quot;]\" data-search-value=\"\" data-lightbox-img=\"\" data-head-rows-count=\"1\" data-pagination-length=\"50,100,All\" data-auto-index=\"off\" data-searching-settings=\"{&quot;columnSearchPosition&quot;:&quot;bottom&quot;,&quot;minChars&quot;:&quot;0&quot;}\" data-lang=\"default\" data-override=\"{&quot;emptyTable&quot;:&quot;&quot;,&quot;info&quot;:&quot;&quot;,&quot;infoEmpty&quot;:&quot;&quot;,&quot;infoFiltered&quot;:&quot;&quot;,&quot;lengthMenu&quot;:&quot;&quot;,&quot;search&quot;:&quot;&quot;,&quot;zeroRecords&quot;:&quot;&quot;,&quot;exportLabel&quot;:&quot;&quot;,&quot;file&quot;:&quot;default&quot;}\" data-merged=\"[{&quot;row&quot;:0,&quot;col&quot;:0,&quot;rowspan&quot;:4,&quot;colspan&quot;:1,&quot;removed&quot;:false},{&quot;row&quot;:4,&quot;col&quot;:0,&quot;rowspan&quot;:4,&quot;colspan&quot;:1,&quot;removed&quot;:false},{&quot;row&quot;:0,&quot;col&quot;:1,&quot;rowspan&quot;:2,&quot;colspan&quot;:1,&quot;removed&quot;:false},{&quot;row&quot;:2,&quot;col&quot;:1,&quot;rowspan&quot;:2,&quot;colspan&quot;:1,&quot;removed&quot;:false},{&quot;row&quot;:4,&quot;col&quot;:1,&quot;rowspan&quot;:2,&quot;colspan&quot;:1,&quot;removed&quot;:false},{&quot;row&quot;:6,&quot;col&quot;:1,&quot;rowspan&quot;:2,&quot;colspan&quot;:1,&quot;removed&quot;:false}]\" data-responsive-mode=\"0\" data-from-history=\"0\" ><thead><tr><th class=\"\" style=\"width:; padding: 0 !important;\"><\/th><th class=\"\" style=\"width:; padding: 0 !important;\"><\/th><th class=\"\" style=\"width:; padding: 0 !important;\"><\/th><\/tr><\/thead><tbody><tr style=\"height:37px\" ><td data-cell-id=\"A1\" data-x=\"0\" data-y=\"1\" data-db-index=\"1\" class=\"htMiddle htCenter bg-f4eaea\" data-cell-type=\"text\" data-original-value=\"Crown Prince Iz Stolitsy Urala\" data-order=\"Crown Prince Iz Stolitsy Urala\" style=\"min-width:31.8881%; \" data-colspan=\"1\" data-rowspan=\"4\" >Crown Prince Iz Stolitsy Urala <\/td><td data-cell-id=\"B1\" data-x=\"1\" data-y=\"1\" data-db-index=\"1\" class=\"htCenter htMiddle bg-efcad4\" data-cell-type=\"text\" data-original-value=\"Rifeygold Goodzone\" data-order=\"Rifeygold Goodzone\" style=\"min-width:31.1888%; \" data-colspan=\"1\" data-rowspan=\"2\" >Rifeygold Goodzone <\/td><td data-cell-id=\"C1\" data-x=\"2\" data-y=\"1\" data-db-index=\"1\" class=\"htCenter htMiddle htCenter htMiddle bg-c38eac\" data-cell-type=\"text\" data-original-value=\"Il Trovatore Della Val D\u00b4Aveto\" data-order=\"Il Trovatore Della Val D\u00b4Aveto\" style=\"min-width:36.9231%; \" >Il Trovatore Della Val D\u00b4Aveto <\/td><\/tr><tr style=\"height:32px\" ><td data-cell-id=\"A2\" data-x=\"0\" data-y=\"2\" data-db-index=\"2\" class=\"htMiddle htCenter bg-f4eaea\" data-cell-type=\"text\" data-original-value=\"\" data-order=\"\" data-hide=\"true\" ><\/td><td data-cell-id=\"B2\" data-x=\"1\" data-y=\"2\" data-db-index=\"2\" class=\"htCenter htMiddle bg-efcad4\" data-cell-type=\"text\" data-original-value=\"\" data-order=\"\" data-hide=\"true\" ><\/td><td data-cell-id=\"C2\" data-x=\"2\" data-y=\"2\" data-db-index=\"2\" class=\"htCenter htCenter htMiddle bg-c38eac\" data-cell-type=\"text\" data-original-value=\"Rifeygold Iz Stolitsy Urala\" data-order=\"Rifeygold Iz Stolitsy Urala\" >Rifeygold Iz Stolitsy Urala <\/td><\/tr><tr style=\"height:35px\" ><td data-cell-id=\"A3\" data-x=\"0\" data-y=\"3\" data-db-index=\"3\" class=\"htMiddle htCenter bg-f4eaea\" data-cell-type=\"text\" data-original-value=\"\" data-order=\"\" data-hide=\"true\" ><\/td><td data-cell-id=\"B3\" data-x=\"1\" data-y=\"3\" data-db-index=\"3\" class=\"htCenter htMiddle bg-efcad4\" data-cell-type=\"text\" data-original-value=\"Trouvaille Geniale Iz Stolitsy Urala\" data-order=\"Trouvaille Geniale Iz Stolitsy Urala\" data-colspan=\"1\" data-rowspan=\"2\" >Trouvaille Geniale Iz Stolitsy Urala <\/td><td data-cell-id=\"C3\" data-x=\"2\" data-y=\"3\" data-db-index=\"3\" class=\"htCenter htMiddle htCenter htMiddle bg-c38eac\" data-cell-type=\"text\" data-original-value=\"Jako&#039;s Mystique Touch\" data-order=\"Jako&#039;s Mystique Touch\" >Jako's Mystique Touch <\/td><\/tr><tr style=\"height:33px\" ><td data-cell-id=\"A4\" data-x=\"0\" data-y=\"4\" data-db-index=\"4\" class=\"htMiddle htCenter bg-f4eaea\" data-cell-type=\"text\" data-original-value=\"\" data-order=\"\" data-hide=\"true\" ><\/td><td data-cell-id=\"B4\" data-x=\"1\" data-y=\"4\" data-db-index=\"4\" class=\"htCenter htMiddle bg-efcad4\" data-cell-type=\"text\" data-original-value=\"\" data-order=\"\" data-hide=\"true\" ><\/td><td data-cell-id=\"C4\" data-x=\"2\" data-y=\"4\" data-db-index=\"4\" class=\"htCenter htMiddle bg-c38eac\" data-cell-type=\"text\" data-original-value=\"Yasmina Star Iz Stolitsy Urala\" data-order=\"Yasmina Star Iz Stolitsy Urala\" >Yasmina Star Iz Stolitsy Urala <\/td><\/tr><tr style=\"height:35px\" ><td data-cell-id=\"A5\" data-x=\"0\" data-y=\"5\" data-db-index=\"5\" class=\"htCenter htMiddle bg-f4eaea\" data-cell-type=\"text\" data-original-value=\"Sequins Sutalidihi\" data-order=\"Sequins Sutalidihi\" data-colspan=\"1\" data-rowspan=\"4\" >Sequins Sutalidihi <\/td><td data-cell-id=\"B5\" data-x=\"1\" data-y=\"5\" data-db-index=\"5\" class=\"htCenter htMiddle bg-efcad4\" data-cell-type=\"text\" data-original-value=\"Sequins Showdown\" data-order=\"Sequins Showdown\" data-colspan=\"1\" data-rowspan=\"2\" >Sequins Showdown <\/td><td data-cell-id=\"C5\" data-x=\"2\" data-y=\"5\" data-db-index=\"5\" class=\"htCenter htMiddle bg-c38eac\" data-cell-type=\"text\" data-original-value=\"Majik Finders Keeper\" data-order=\"Majik Finders Keeper\" >Majik Finders Keeper <\/td><\/tr><tr style=\"height:29px\" ><td data-cell-id=\"A6\" data-x=\"0\" data-y=\"6\" data-db-index=\"6\" class=\"htCenter htMiddle bg-f4eaea\" data-cell-type=\"text\" data-original-value=\"\" data-order=\"\" data-hide=\"true\" ><\/td><td data-cell-id=\"B6\" data-x=\"1\" data-y=\"6\" data-db-index=\"6\" class=\"htCenter htMiddle bg-efcad4\" data-cell-type=\"text\" data-original-value=\"\" data-order=\"\" data-hide=\"true\" ><\/td><td data-cell-id=\"C6\" data-x=\"2\" data-y=\"6\" data-db-index=\"6\" class=\"htCenter htMiddle bg-c38eac\" data-cell-type=\"text\" data-original-value=\"Sequins Sharpless\" data-order=\"Sequins Sharpless\" >Sequins Sharpless <\/td><\/tr><tr style=\"height:32px\" ><td data-cell-id=\"A7\" data-x=\"0\" data-y=\"7\" data-db-index=\"7\" class=\"htCenter htMiddle bg-f4eaea\" data-cell-type=\"text\" data-original-value=\"\" data-order=\"\" data-hide=\"true\" ><\/td><td data-cell-id=\"B7\" data-x=\"1\" data-y=\"7\" data-db-index=\"7\" class=\"htCenter htMiddle bg-efcad4\" data-cell-type=\"text\" data-original-value=\"Sequins Shange\" data-order=\"Sequins Shange\" data-colspan=\"1\" data-rowspan=\"2\" >Sequins Shange <\/td><td data-cell-id=\"C7\" data-x=\"2\" data-y=\"7\" data-db-index=\"7\" class=\"htCenter htMiddle bg-c38eac\" data-cell-type=\"text\" data-original-value=\"Much A Do v.d. Beerse Hoeve\" data-order=\"Much A Do v.d. Beerse Hoeve\" >Much A Do v.d. Beerse Hoeve <\/td><\/tr><tr style=\"height:30px\" ><td data-cell-id=\"A8\" data-x=\"0\" data-y=\"8\" data-db-index=\"8\" class=\"htCenter htMiddle bg-f4eaea\" data-cell-type=\"text\" data-original-value=\"\" data-order=\"\" data-hide=\"true\" ><\/td><td data-cell-id=\"B8\" data-x=\"1\" data-y=\"8\" data-db-index=\"8\" class=\"htCenter htMiddle bg-efcad4\" data-cell-type=\"text\" data-original-value=\"\" data-order=\"\" data-hide=\"true\" ><\/td><td data-cell-id=\"C8\" data-x=\"2\" data-y=\"8\" data-db-index=\"8\" class=\"htCenter htMiddle bg-c38eac\" data-cell-type=\"text\" data-original-value=\"Mathilda of the Hellacious Acres\" data-order=\"Mathilda of the Hellacious Acres\" >Mathilda of the Hellacious Acres <\/td><\/tr><\/tbody><\/table><!-- \/#supsystic-table-23.supsystic-table --><\/div><!-- \/.supsystic-tables-wrap --><!-- Tables Generator by Supsystic --><!-- Version:1.11.0 --><!-- http:\/\/supsystic.com\/ --><a title=\"WP Data Tables\" style=\"display:none;\" href=\"https:\/\/supsystic.com\/plugins\/wordpress-data-table-plugin\/?utm_medium=love_link\" target=\"_blank\">WP Data Tables<\/a>\n\n\n\n<p><\/p>\n","protected":false},"excerpt":{"rendered":"<p>Aktuelle Bilder vom H-Wurf: Nach sorgf\u00e4ltiger Auswahl des Deckr\u00fcdens, haben wir uns f\u00fcr\u00a0den R\u00fcden Crown Prince Iz Stolitsy Ural, &#8222;Myron&#8220; aus dem Kennel Sequins von C. Knippenborg in den Niederlanden entschieden. Wir erhoffen uns aus dieser Verpaarung \u00a0creme bis hellgoldene Welpen, die sich durch ihr sanftes Wesen mit viel &#8222;will to please&#8220; auszeichnen. Inzwischen waren [&hellip;]<\/p>\n","protected":false},"author":2,"featured_media":0,"parent":0,"menu_order":0,"comment_status":"closed","ping_status":"closed","template":"","meta":{"footnotes":""},"class_list":["post-1480","page","type-page","status-publish","hentry"],"_links":{"self":[{"href":"https:\/\/www.goldendreamcatchers.de\/wordpress\/wp-json\/wp\/v2\/pages\/1480","targetHints":{"allow":["GET"]}}],"collection":[{"href":"https:\/\/www.goldendreamcatchers.de\/wordpress\/wp-json\/wp\/v2\/pages"}],"about":[{"href":"https:\/\/www.goldendreamcatchers.de\/wordpress\/wp-json\/wp\/v2\/types\/page"}],"author":[{"embeddable":true,"href":"https:\/\/www.goldendreamcatchers.de\/wordpress\/wp-json\/wp\/v2\/users\/2"}],"replies":[{"embeddable":true,"href":"https:\/\/www.goldendreamcatchers.de\/wordpress\/wp-json\/wp\/v2\/comments?post=1480"}],"version-history":[{"count":9,"href":"https:\/\/www.goldendreamcatchers.de\/wordpress\/wp-json\/wp\/v2\/pages\/1480\/revisions"}],"predecessor-version":[{"id":1820,"href":"https:\/\/www.goldendreamcatchers.de\/wordpress\/wp-json\/wp\/v2\/pages\/1480\/revisions\/1820"}],"wp:attachment":[{"href":"https:\/\/www.goldendreamcatchers.de\/wordpress\/wp-json\/wp\/v2\/media?parent=1480"}],"curies":[{"name":"wp","href":"https:\/\/api.w.org\/{rel}","templated":true}]}}