{"id":2,"date":"2016-09-20T11:58:50","date_gmt":"2016-09-20T09:58:50","guid":{"rendered":"http:\/\/www.goldendreamcatchers.de\/wordpress\/?page_id=2"},"modified":"2026-04-03T11:20:32","modified_gmt":"2026-04-03T09:20:32","slug":"beispiel-seite","status":"publish","type":"page","link":"https:\/\/www.goldendreamcatchers.de\/wordpress\/","title":{"rendered":"Herzlich Willkommen"},"content":{"rendered":"\n<h5 class=\"wp-block-heading\">&nbsp;<\/h5>\n\n\n\n<h4 class=\"wp-block-heading\"><span style=\"color: #a797a0;\">bei den Golden Dreamcatchers!<\/span><\/h4>\n\n\n\n<h4 class=\"wp-block-heading\"><span style=\"color: #a797a0;\">Golden Retriever Zucht seit 2008<\/span><\/h4>\n\n\n\n<p class=\"has-text-align-left\">Wir freuen uns, dass Sie unsere Homepage besuchen<br>und w\u00fcnschen Ihnen viel Spa\u00df beim St\u00f6bern.<\/p>\n\n\n\n<p><\/p>\n\n\n\n<p><\/p>\n\n\n\n<p><\/p>\n\n\n\n<p><\/p>\n\n\n<div class=\"wp-block-image size-full wp-image-2582\">\n<figure class=\"aligncenter\"><img loading=\"lazy\" decoding=\"async\" width=\"1500\" height=\"1500\" src=\"https:\/\/www.goldendreamcatchers.de\/wordpress\/wp-content\/uploads\/2026\/04\/Charly-7-Jahre.jpg\" alt=\"\" class=\"wp-image-3095\" srcset=\"https:\/\/www.goldendreamcatchers.de\/wordpress\/wp-content\/uploads\/2026\/04\/Charly-7-Jahre.jpg 1500w, https:\/\/www.goldendreamcatchers.de\/wordpress\/wp-content\/uploads\/2026\/04\/Charly-7-Jahre-300x300.jpg 300w, https:\/\/www.goldendreamcatchers.de\/wordpress\/wp-content\/uploads\/2026\/04\/Charly-7-Jahre-1024x1024.jpg 1024w, https:\/\/www.goldendreamcatchers.de\/wordpress\/wp-content\/uploads\/2026\/04\/Charly-7-Jahre-150x150.jpg 150w, https:\/\/www.goldendreamcatchers.de\/wordpress\/wp-content\/uploads\/2026\/04\/Charly-7-Jahre-768x768.jpg 768w\" sizes=\"auto, (max-width: 1500px) 100vw, 1500px\" \/><figcaption class=\"wp-element-caption\">Happy birthday liebe Charly. <\/figcaption><\/figure>\n<\/div>\n\n\n<hr class=\"wp-block-separator has-css-opacity\"\/>\n\n\n\n<p class=\"has-text-align-center has-medium-font-size\">Wir feiern Charlys 7. Geburtstag und sind so froh, dass wir dich haben!<\/p>\n\n\n\n<p class=\"has-text-align-center has-medium-font-size\"><\/p>\n\n\n\n<p class=\"has-text-align-center has-medium-font-size\"><br><\/p>\n","protected":false},"excerpt":{"rendered":"<p>&nbsp; bei den Golden Dreamcatchers! Golden Retriever Zucht seit 2008 Wir freuen uns, dass Sie unsere Homepage besuchenund w\u00fcnschen Ihnen viel Spa\u00df beim St\u00f6bern. Wir feiern Charlys 7. Geburtstag und sind so froh, dass wir dich haben!<\/p>\n","protected":false},"author":1,"featured_media":0,"parent":0,"menu_order":0,"comment_status":"closed","ping_status":"open","template":"page-templates\/template-left-right.php","meta":{"footnotes":""},"class_list":["post-2","page","type-page","status-publish","hentry"],"_links":{"self":[{"href":"https:\/\/www.goldendreamcatchers.de\/wordpress\/wp-json\/wp\/v2\/pages\/2","targetHints":{"allow":["GET"]}}],"collection":[{"href":"https:\/\/www.goldendreamcatchers.de\/wordpress\/wp-json\/wp\/v2\/pages"}],"about":[{"href":"https:\/\/www.goldendreamcatchers.de\/wordpress\/wp-json\/wp\/v2\/types\/page"}],"author":[{"embeddable":true,"href":"https:\/\/www.goldendreamcatchers.de\/wordpress\/wp-json\/wp\/v2\/users\/1"}],"replies":[{"embeddable":true,"href":"https:\/\/www.goldendreamcatchers.de\/wordpress\/wp-json\/wp\/v2\/comments?post=2"}],"version-history":[{"count":333,"href":"https:\/\/www.goldendreamcatchers.de\/wordpress\/wp-json\/wp\/v2\/pages\/2\/revisions"}],"predecessor-version":[{"id":3098,"href":"https:\/\/www.goldendreamcatchers.de\/wordpress\/wp-json\/wp\/v2\/pages\/2\/revisions\/3098"}],"wp:attachment":[{"href":"https:\/\/www.goldendreamcatchers.de\/wordpress\/wp-json\/wp\/v2\/media?parent=2"}],"curies":[{"name":"wp","href":"https:\/\/api.w.org\/{rel}","templated":true}]}}