{"id":2282,"date":"2023-05-01T10:40:16","date_gmt":"2023-05-01T08:40:16","guid":{"rendered":"https:\/\/www.goldendreamcatchers.de\/wordpress\/?page_id=2282"},"modified":"2023-05-01T11:37:45","modified_gmt":"2023-05-01T09:37:45","slug":"j-wurf","status":"publish","type":"page","link":"https:\/\/www.goldendreamcatchers.de\/wordpress\/j-wurf\/","title":{"rendered":"J-Wurf"},"content":{"rendered":"\n<hr class=\"wp-block-separator has-alpha-channel-opacity\"\/>\n\n\n\n<p>Nach sorgf\u00e4ltiger Auswahl des Deckr\u00fcdens, haben wir uns f\u00fcr\u00a0den R\u00fcden Dream Max Golden Eagle &#8222;Jonas&#8220;  aus dem Kennel Sequins von C. Knippenborg in den Niederlanden entschieden. Wir erhoffen uns aus dieser Verpaarung\u00a0creme bis hellgoldene Welpen, die sich durch ihr sanftes Wesen mit viel &#8222;will to please&#8220; auszeichnen.<\/p>\n\n\n\n<p>Am 25.02.2023 &#8211; Charly wurde von Jonas gedeckt. <\/p>\n\n\n\n<p>28.04.2023 &#8211; Unser J-Wurf ist gl\u00fccklich und gesund gelandet. Molly schenkte uns 2 R\u00fcden und 6 H\u00fcndinnen. Zwei weitere Welpen haben es leider nicht geschafft. <\/p>\n\n\n\n<p>Bilder in der <a href=\"https:\/\/www.goldendreamcatchers.de\/wordpress\/galerie\/\"><a href=\"https:\/\/www.goldendreamcatchers.de\/wordpress\/galerie\/\">Galerie im J-Wurf<\/a><\/a>.<\/p>\n\n\n\n<figure class=\"wp-block-image size-large\"><img loading=\"lazy\" decoding=\"async\" width=\"1024\" height=\"830\" src=\"https:\/\/www.goldendreamcatchers.de\/wordpress\/wp-content\/uploads\/2023\/03\/Molly_Jonas_HPreduziert-1024x830.png\" alt=\"Verpaarung Jonas &amp; Molly\" class=\"wp-image-2241\" srcset=\"https:\/\/www.goldendreamcatchers.de\/wordpress\/wp-content\/uploads\/2023\/03\/Molly_Jonas_HPreduziert-1024x830.png 1024w, https:\/\/www.goldendreamcatchers.de\/wordpress\/wp-content\/uploads\/2023\/03\/Molly_Jonas_HPreduziert-300x243.png 300w, https:\/\/www.goldendreamcatchers.de\/wordpress\/wp-content\/uploads\/2023\/03\/Molly_Jonas_HPreduziert-768x623.png 768w, https:\/\/www.goldendreamcatchers.de\/wordpress\/wp-content\/uploads\/2023\/03\/Molly_Jonas_HPreduziert.png 1500w\" sizes=\"auto, (max-width: 1024px) 100vw, 1024px\" \/><\/figure>\n\n\n\n<hr class=\"wp-block-separator has-alpha-channel-opacity\"\/>\n\n\n\n<p><\/p>\n","protected":false},"excerpt":{"rendered":"<p>Nach sorgf\u00e4ltiger Auswahl des Deckr\u00fcdens, haben wir uns f\u00fcr\u00a0den R\u00fcden Dream Max Golden Eagle &#8222;Jonas&#8220; aus dem Kennel Sequins von C. Knippenborg in den Niederlanden entschieden. Wir erhoffen uns aus dieser Verpaarung\u00a0creme bis hellgoldene Welpen, die sich durch ihr sanftes Wesen mit viel &#8222;will to please&#8220; auszeichnen. Am 25.02.2023 &#8211; Charly wurde von Jonas gedeckt. [&hellip;]<\/p>\n","protected":false},"author":2,"featured_media":0,"parent":0,"menu_order":0,"comment_status":"closed","ping_status":"closed","template":"","meta":{"footnotes":""},"class_list":["post-2282","page","type-page","status-publish","hentry"],"_links":{"self":[{"href":"https:\/\/www.goldendreamcatchers.de\/wordpress\/wp-json\/wp\/v2\/pages\/2282","targetHints":{"allow":["GET"]}}],"collection":[{"href":"https:\/\/www.goldendreamcatchers.de\/wordpress\/wp-json\/wp\/v2\/pages"}],"about":[{"href":"https:\/\/www.goldendreamcatchers.de\/wordpress\/wp-json\/wp\/v2\/types\/page"}],"author":[{"embeddable":true,"href":"https:\/\/www.goldendreamcatchers.de\/wordpress\/wp-json\/wp\/v2\/users\/2"}],"replies":[{"embeddable":true,"href":"https:\/\/www.goldendreamcatchers.de\/wordpress\/wp-json\/wp\/v2\/comments?post=2282"}],"version-history":[{"count":3,"href":"https:\/\/www.goldendreamcatchers.de\/wordpress\/wp-json\/wp\/v2\/pages\/2282\/revisions"}],"predecessor-version":[{"id":2288,"href":"https:\/\/www.goldendreamcatchers.de\/wordpress\/wp-json\/wp\/v2\/pages\/2282\/revisions\/2288"}],"wp:attachment":[{"href":"https:\/\/www.goldendreamcatchers.de\/wordpress\/wp-json\/wp\/v2\/media?parent=2282"}],"curies":[{"name":"wp","href":"https:\/\/api.w.org\/{rel}","templated":true}]}}