{"id":24,"date":"2016-10-19T15:06:14","date_gmt":"2016-10-19T13:06:14","guid":{"rendered":"http:\/\/www.goldendreamcatchers.de\/wordpress\/?page_id=24"},"modified":"2024-07-12T18:36:06","modified_gmt":"2024-07-12T16:36:06","slug":"zucht","status":"publish","type":"page","link":"https:\/\/www.goldendreamcatchers.de\/wordpress\/zucht\/","title":{"rendered":"Zucht"},"content":{"rendered":"<p>&nbsp;<\/p>\n<p><img loading=\"lazy\" decoding=\"async\" class=\"wp-image-2720 alignleft\" src=\"https:\/\/www.goldendreamcatchers.de\/wordpress\/wp-content\/uploads\/2024\/07\/Charly-2023.jpeg\" alt=\"\" width=\"148\" height=\"148\" srcset=\"https:\/\/www.goldendreamcatchers.de\/wordpress\/wp-content\/uploads\/2024\/07\/Charly-2023.jpeg 1500w, https:\/\/www.goldendreamcatchers.de\/wordpress\/wp-content\/uploads\/2024\/07\/Charly-2023-300x300.jpeg 300w, https:\/\/www.goldendreamcatchers.de\/wordpress\/wp-content\/uploads\/2024\/07\/Charly-2023-1024x1024.jpeg 1024w, https:\/\/www.goldendreamcatchers.de\/wordpress\/wp-content\/uploads\/2024\/07\/Charly-2023-150x150.jpeg 150w, https:\/\/www.goldendreamcatchers.de\/wordpress\/wp-content\/uploads\/2024\/07\/Charly-2023-768x768.jpeg 768w\" sizes=\"auto, (max-width: 148px) 100vw, 148px\" \/><\/p>\n<p><strong>K &#8211; Wurf<\/strong><\/p>\n<h5>Dex &amp; Charly<\/h5>\n<p><a href=\"https:\/\/www.goldendreamcatchers.de\/wordpress\/k-wurf\/\">K-Wurf Seite<\/a><\/p>\n<p>&nbsp;<\/p>\n<hr \/>\n<p><strong><img loading=\"lazy\" decoding=\"async\" class=\"wp-image-2726 alignleft\" src=\"https:\/\/www.goldendreamcatchers.de\/wordpress\/wp-content\/uploads\/2024\/07\/Molly-2023.jpeg\" alt=\"\" width=\"150\" height=\"150\" srcset=\"https:\/\/www.goldendreamcatchers.de\/wordpress\/wp-content\/uploads\/2024\/07\/Molly-2023.jpeg 1500w, https:\/\/www.goldendreamcatchers.de\/wordpress\/wp-content\/uploads\/2024\/07\/Molly-2023-300x300.jpeg 300w, https:\/\/www.goldendreamcatchers.de\/wordpress\/wp-content\/uploads\/2024\/07\/Molly-2023-1024x1024.jpeg 1024w, https:\/\/www.goldendreamcatchers.de\/wordpress\/wp-content\/uploads\/2024\/07\/Molly-2023-150x150.jpeg 150w, https:\/\/www.goldendreamcatchers.de\/wordpress\/wp-content\/uploads\/2024\/07\/Molly-2023-768x768.jpeg 768w\" sizes=\"auto, (max-width: 150px) 100vw, 150px\" \/><\/strong><\/p>\n<p><strong>J &#8211; Wurf<\/strong><\/p>\n<h5>Jonas &amp; Molly<\/h5>\n<p><a href=\"https:\/\/www.goldendreamcatchers.de\/wordpress\/j-wurf\/\">J-Wurf Seite<\/a><\/p>\n<p>&nbsp;<\/p>\n<hr \/>\n<p><strong><img loading=\"lazy\" decoding=\"async\" class=\"wp-image-1863 alignleft\" src=\"https:\/\/www.goldendreamcatchers.de\/wordpress\/wp-content\/uploads\/2022\/08\/Tag-1-1-von-1.jpeg\" alt=\"\" width=\"151\" height=\"151\" srcset=\"https:\/\/www.goldendreamcatchers.de\/wordpress\/wp-content\/uploads\/2022\/08\/Tag-1-1-von-1.jpeg 1500w, https:\/\/www.goldendreamcatchers.de\/wordpress\/wp-content\/uploads\/2022\/08\/Tag-1-1-von-1-300x300.jpeg 300w, https:\/\/www.goldendreamcatchers.de\/wordpress\/wp-content\/uploads\/2022\/08\/Tag-1-1-von-1-1024x1024.jpeg 1024w, https:\/\/www.goldendreamcatchers.de\/wordpress\/wp-content\/uploads\/2022\/08\/Tag-1-1-von-1-150x150.jpeg 150w, https:\/\/www.goldendreamcatchers.de\/wordpress\/wp-content\/uploads\/2022\/08\/Tag-1-1-von-1-768x768.jpeg 768w\" sizes=\"auto, (max-width: 151px) 100vw, 151px\" \/>I &#8211; Wurf<\/strong><\/p>\n<h5>Myron &amp; Charly<\/h5>\n<p><a href=\"https:\/\/www.goldendreamcatchers.de\/wordpress\/i-wurf\/\">I-Wurf Seite<\/a><\/p>\n<p>&nbsp;<\/p>\n<hr \/>\n<h5><img loading=\"lazy\" decoding=\"async\" class=\"wp-image-1491 alignleft\" src=\"https:\/\/www.goldendreamcatchers.de\/wordpress\/wp-content\/uploads\/2021\/06\/Woche-1-1-von-1-1.jpeg\" alt=\"\" width=\"150\" height=\"150\" srcset=\"https:\/\/www.goldendreamcatchers.de\/wordpress\/wp-content\/uploads\/2021\/06\/Woche-1-1-von-1-1.jpeg 1500w, https:\/\/www.goldendreamcatchers.de\/wordpress\/wp-content\/uploads\/2021\/06\/Woche-1-1-von-1-1-300x300.jpeg 300w, https:\/\/www.goldendreamcatchers.de\/wordpress\/wp-content\/uploads\/2021\/06\/Woche-1-1-von-1-1-1024x1024.jpeg 1024w, https:\/\/www.goldendreamcatchers.de\/wordpress\/wp-content\/uploads\/2021\/06\/Woche-1-1-von-1-1-150x150.jpeg 150w, https:\/\/www.goldendreamcatchers.de\/wordpress\/wp-content\/uploads\/2021\/06\/Woche-1-1-von-1-1-768x768.jpeg 768w\" sizes=\"auto, (max-width: 150px) 100vw, 150px\" \/><\/h5>\n<p><strong>H &#8211; Wurf<\/strong><\/p>\n<h5>Myron &amp; Charly<\/h5>\n<p><a href=\"https:\/\/www.goldendreamcatchers.de\/wordpress\/?page_id=1480&amp;preview=true\">H-Wurf Seite<\/a>\u00a0<\/p>\n<p>&nbsp;<\/p>\n<hr \/>\n<p><a href=\"http:\/\/www.goldendreamcatchers.de\/wordpress\/wp-content\/uploads\/2016\/10\/E-Wurf-Woche-8-gross-10.jpg\"><img loading=\"lazy\" decoding=\"async\" class=\"size-thumbnail wp-image-26 alignleft\" src=\"http:\/\/www.goldendreamcatchers.de\/wordpress\/wp-content\/uploads\/2016\/10\/E-Wurf-Woche-8-gross-10-150x150.jpg\" alt=\"e-wurf-woche-8-gross-10\" width=\"150\" height=\"150\" \/><\/a><strong>G &#8211; Wurf<\/strong><\/p>\n<h5>Marlon &amp; Amelie<\/h5>\n<p><a href=\"http:\/\/www.goldendreamcatchers.de\/wordpress\/g-wurf\/\">G &#8211; Wurf &#8211; Seite<\/a> \u00a0<\/p>\n<p>&nbsp;<\/p>\n<hr \/>\n<h5><a href=\"http:\/\/www.goldendreamcatchers.de\/wordpress\/wp-content\/uploads\/2016\/10\/E-Wurf_06.jpg\"><img loading=\"lazy\" decoding=\"async\" class=\"size-thumbnail wp-image-167 alignleft\" src=\"http:\/\/www.goldendreamcatchers.de\/wordpress\/wp-content\/uploads\/2016\/10\/E-Wurf_06-150x150.jpg\" alt=\"e-wurf_06\" width=\"150\" height=\"150\" \/><\/a><strong>Unsere Philosophie<\/strong><\/h5>\n<p>Wir z\u00fcchten nach den strengen Richtlinien des Golden Retriever Clubs e.V.<br \/>Unser Zuchtziel ist es, gesunde, fr\u00f6hliche, wesensfeste und rasse-typische Golden zu z\u00fcchten, die f\u00fcr die Arbeit und auch f\u00fcr Ausstellungen geeignet sind&#8230;.<a href=\"http:\/\/www.goldendreamcatchers.de\/wordpress\/160-2\/\">mehr lesen<\/a><\/p>\n<hr \/>\n<h5><a href=\"http:\/\/www.goldendreamcatchers.de\/wordpress\/wp-content\/uploads\/2016\/10\/E-Wurf-Woche-7-gross-09.jpg\"><img loading=\"lazy\" decoding=\"async\" class=\"size-thumbnail wp-image-25 alignleft\" src=\"http:\/\/www.goldendreamcatchers.de\/wordpress\/wp-content\/uploads\/2016\/10\/E-Wurf-Woche-7-gross-09-150x150.jpg\" alt=\"e-wurf-woche-7-gross-09\" width=\"150\" height=\"150\" \/><\/a><\/h5>\n<p><strong>Bisherige W\u00fcrfe<\/strong><\/p>\n<h5><a href=\"http:\/\/www.goldendreamcatchers.de\/wordpress\/unsere-wuerfe\/\">A &#8211; F WURF<\/a> (2011 &#8211; 2016)<\/h5>\n<hr \/>\n\n\n<p><\/p>\n\n\n\n<p><\/p>\n","protected":false},"excerpt":{"rendered":"<p>&nbsp; K &#8211; Wurf Dex &amp; Charly K-Wurf Seite &nbsp; J &#8211; Wurf Jonas &amp; Molly J-Wurf Seite &nbsp; I &#8211; Wurf Myron &amp; Charly I-Wurf Seite &nbsp; H &#8211; Wurf Myron &amp; Charly H-Wurf Seite\u00a0 &nbsp; G &#8211; Wurf Marlon &amp; Amelie G &#8211; Wurf &#8211; Seite \u00a0 &nbsp; Unsere Philosophie Wir z\u00fcchten nach [&hellip;]<\/p>\n","protected":false},"author":2,"featured_media":0,"parent":0,"menu_order":0,"comment_status":"closed","ping_status":"closed","template":"page-templates\/template-left-right.php","meta":{"footnotes":""},"class_list":["post-24","page","type-page","status-publish","hentry"],"_links":{"self":[{"href":"https:\/\/www.goldendreamcatchers.de\/wordpress\/wp-json\/wp\/v2\/pages\/24","targetHints":{"allow":["GET"]}}],"collection":[{"href":"https:\/\/www.goldendreamcatchers.de\/wordpress\/wp-json\/wp\/v2\/pages"}],"about":[{"href":"https:\/\/www.goldendreamcatchers.de\/wordpress\/wp-json\/wp\/v2\/types\/page"}],"author":[{"embeddable":true,"href":"https:\/\/www.goldendreamcatchers.de\/wordpress\/wp-json\/wp\/v2\/users\/2"}],"replies":[{"embeddable":true,"href":"https:\/\/www.goldendreamcatchers.de\/wordpress\/wp-json\/wp\/v2\/comments?post=24"}],"version-history":[{"count":33,"href":"https:\/\/www.goldendreamcatchers.de\/wordpress\/wp-json\/wp\/v2\/pages\/24\/revisions"}],"predecessor-version":[{"id":2727,"href":"https:\/\/www.goldendreamcatchers.de\/wordpress\/wp-json\/wp\/v2\/pages\/24\/revisions\/2727"}],"wp:attachment":[{"href":"https:\/\/www.goldendreamcatchers.de\/wordpress\/wp-json\/wp\/v2\/media?parent=24"}],"curies":[{"name":"wp","href":"https:\/\/api.w.org\/{rel}","templated":true}]}}