{"id":2713,"date":"2024-07-12T18:19:44","date_gmt":"2024-07-12T16:19:44","guid":{"rendered":"https:\/\/www.goldendreamcatchers.de\/wordpress\/?page_id=2713"},"modified":"2024-08-17T13:28:07","modified_gmt":"2024-08-17T11:28:07","slug":"k-wurf","status":"publish","type":"page","link":"https:\/\/www.goldendreamcatchers.de\/wordpress\/k-wurf\/","title":{"rendered":"K-Wurf"},"content":{"rendered":"\n<p>Nach sorgf\u00e4ltiger Auswahl des Deckr\u00fcdens, haben wir uns f\u00fcr&nbsp;den R\u00fcden Sequins Soroush &#8222;Dex&#8220; aus dem Kennel Sequins von C. Knippenborg in den Niederlanden entschieden. Wir erhoffen uns aus dieser Verpaarung&nbsp;creme bis hellgoldene Welpen, die sich durch ihr sanftes Wesen mit viel &#8222;will to please&#8220; und Temperament auszeichnen.<\/p>\n\n\n\n<p>14.06.2024 &#8211; Charly wurde von Dex erfolgreich gedeckt. Wir erwarten Welpen, der Ultraschall hat es best\u00e4tigt. Wenn alles klappt, erwarten wir Welpen Mitte August, mit Abgabe Mitte Oktober.<\/p>\n\n\n\n<p>15.08.2024 &#8211; Unser K- Wurf ist gelandet; Charly schenkt uns mit einer normalen Geburt 5 R\u00fcden und 4 H\u00fcndinnen, eine 5. H\u00fcndin kam leider als unser Engelchen. Charly und den Welpen geht es gut. <\/p>\n\n\n\n<p class=\"has-text-align-left\"><img loading=\"lazy\" decoding=\"async\" width=\"300\" height=\"300\" class=\"wp-image-2708\" style=\"width: 300px;\" src=\"https:\/\/www.goldendreamcatchers.de\/wordpress\/wp-content\/uploads\/2024\/07\/K-Wurf-1-von-1.jpeg\" alt=\"\" srcset=\"https:\/\/www.goldendreamcatchers.de\/wordpress\/wp-content\/uploads\/2024\/07\/K-Wurf-1-von-1.jpeg 1500w, https:\/\/www.goldendreamcatchers.de\/wordpress\/wp-content\/uploads\/2024\/07\/K-Wurf-1-von-1-300x300.jpeg 300w, https:\/\/www.goldendreamcatchers.de\/wordpress\/wp-content\/uploads\/2024\/07\/K-Wurf-1-von-1-1024x1024.jpeg 1024w, https:\/\/www.goldendreamcatchers.de\/wordpress\/wp-content\/uploads\/2024\/07\/K-Wurf-1-von-1-150x150.jpeg 150w, https:\/\/www.goldendreamcatchers.de\/wordpress\/wp-content\/uploads\/2024\/07\/K-Wurf-1-von-1-768x768.jpeg 768w\" sizes=\"auto, (max-width: 300px) 100vw, 300px\" \/><\/p>\n\n\n\n<hr class=\"wp-block-separator has-alpha-channel-opacity\"\/>\n\n\n\n<p><strong>Ahnentafel der Welpen:<\/strong> (In Bearbeitung)<\/p>\n\n\n<div class=\"supsystic-table-loader spinner\"style=\"background-color:#000000\"><\/div><div id=\"supsystic-table-27_48111\" class=\"supsystic-tables-wrap \" style=\" width:100%; visibility: hidden; \" data-table-width-fixed=\"100%\" data-table-width-mobile=\"100%\" ><table id=\"supsystic-table-27\" class=\"supsystic-table border lightboxImg row-border\" data-id=\"27\" data-view-id=\"27_48111\" data-title=\"pedigree k-Wurf\" data-currency-format=\"$1,000.00\" data-percent-format=\"10.00%\" data-date-format=\"DD.MM.YYYY\" data-time-format=\"HH:mm\" data-features=\"[&quot;after_table_loaded_script&quot;]\" data-search-value=\"\" data-lightbox-img=\"\" data-head-rows-count=\"1\" data-pagination-length=\"50,100,All\" data-auto-index=\"off\" data-searching-settings=\"{&quot;columnSearchPosition&quot;:&quot;bottom&quot;,&quot;minChars&quot;:&quot;0&quot;}\" data-lang=\"default\" data-override=\"{&quot;emptyTable&quot;:&quot;&quot;,&quot;info&quot;:&quot;&quot;,&quot;infoEmpty&quot;:&quot;&quot;,&quot;infoFiltered&quot;:&quot;&quot;,&quot;lengthMenu&quot;:&quot;&quot;,&quot;search&quot;:&quot;&quot;,&quot;previous&quot;:&quot;&quot;,&quot;next&quot;:&quot;&quot;,&quot;zeroRecords&quot;:&quot;&quot;,&quot;exportLabel&quot;:&quot;&quot;,&quot;file&quot;:&quot;default&quot;}\" data-merged=\"[{&quot;row&quot;:0,&quot;col&quot;:0,&quot;rowspan&quot;:4,&quot;colspan&quot;:1,&quot;removed&quot;:false},{&quot;row&quot;:4,&quot;col&quot;:0,&quot;rowspan&quot;:4,&quot;colspan&quot;:1,&quot;removed&quot;:false},{&quot;row&quot;:0,&quot;col&quot;:1,&quot;rowspan&quot;:2,&quot;colspan&quot;:1,&quot;removed&quot;:false},{&quot;row&quot;:2,&quot;col&quot;:1,&quot;rowspan&quot;:2,&quot;colspan&quot;:1,&quot;removed&quot;:false},{&quot;row&quot;:4,&quot;col&quot;:1,&quot;rowspan&quot;:2,&quot;colspan&quot;:1,&quot;removed&quot;:false},{&quot;row&quot;:6,&quot;col&quot;:1,&quot;rowspan&quot;:2,&quot;colspan&quot;:1,&quot;removed&quot;:false}]\" data-responsive-mode=\"0\" data-from-history=\"0\" ><thead><tr><th class=\"\" style=\"width:; padding: 0 !important;\"><\/th><th class=\"\" style=\"width:; padding: 0 !important;\"><\/th><th class=\"\" style=\"width:; padding: 0 !important;\"><\/th><\/tr><\/thead><tbody><tr style=\"height:37px\" ><td data-cell-id=\"A1\" data-x=\"0\" data-y=\"1\" data-db-index=\"1\" class=\"htMiddle htCenter bg-f4eaea\" data-cell-type=\"text\" data-original-value=\"CH Sequins Soroush\" data-order=\"CH Sequins Soroush\" style=\"min-width:31.8881%; \" data-colspan=\"1\" data-rowspan=\"4\" >CH Sequins Soroush <\/td><td data-cell-id=\"B1\" data-x=\"1\" data-y=\"1\" data-db-index=\"1\" class=\"htCenter htMiddle bg-efcad4\" data-cell-type=\"text\" data-original-value=\"CH Dream Max Golden Eagle\" data-order=\"CH Dream Max Golden Eagle\" style=\"min-width:31.1888%; \" data-colspan=\"1\" data-rowspan=\"2\" >CH Dream Max Golden Eagle <\/td><td data-cell-id=\"C1\" data-x=\"2\" data-y=\"1\" data-db-index=\"1\" class=\"htCenter htMiddle htCenter htMiddle bg-c38eac\" data-cell-type=\"text\" data-original-value=\"CH Non Stop James Bond\" data-order=\"CH Non Stop James Bond\" style=\"min-width:36.9231%; \" >CH Non Stop James Bond <\/td><\/tr><tr style=\"height:32px\" ><td data-cell-id=\"A2\" data-x=\"0\" data-y=\"2\" data-db-index=\"2\" class=\"htMiddle htCenter bg-f4eaea\" data-cell-type=\"text\" data-original-value=\"\" data-order=\"\" data-hide=\"true\" ><\/td><td data-cell-id=\"B2\" data-x=\"1\" data-y=\"2\" data-db-index=\"2\" class=\"htCenter htMiddle bg-efcad4\" data-cell-type=\"text\" data-original-value=\"\" data-order=\"\" data-hide=\"true\" ><\/td><td data-cell-id=\"C2\" data-x=\"2\" data-y=\"2\" data-db-index=\"2\" class=\"htCenter htCenter htMiddle bg-c38eac\" data-cell-type=\"text\" data-original-value=\"CH Abnalls Scarlett\" data-order=\"CH Abnalls Scarlett\" >CH Abnalls Scarlett <\/td><\/tr><tr style=\"height:35px\" ><td data-cell-id=\"A3\" data-x=\"0\" data-y=\"3\" data-db-index=\"3\" class=\"htMiddle htCenter bg-f4eaea\" data-cell-type=\"text\" data-original-value=\"\" data-order=\"\" data-hide=\"true\" ><\/td><td data-cell-id=\"B3\" data-x=\"1\" data-y=\"3\" data-db-index=\"3\" class=\"htCenter htMiddle bg-efcad4\" data-cell-type=\"text\" data-original-value=\"Mathilda of the Hellacious Acres\" data-order=\"Mathilda of the Hellacious Acres\" data-colspan=\"1\" data-rowspan=\"2\" >Mathilda of the Hellacious Acres <\/td><td data-cell-id=\"C3\" data-x=\"2\" data-y=\"3\" data-db-index=\"3\" class=\"htCenter htMiddle htCenter htMiddle bg-c38eac\" data-cell-type=\"text\" data-original-value=\"CH Inassicas Coriander\" data-order=\"CH Inassicas Coriander\" >CH Inassicas Coriander <\/td><\/tr><tr style=\"height:33px\" ><td data-cell-id=\"A4\" data-x=\"0\" data-y=\"4\" data-db-index=\"4\" class=\"htMiddle htCenter bg-f4eaea\" data-cell-type=\"text\" data-original-value=\"\" data-order=\"\" data-hide=\"true\" ><\/td><td data-cell-id=\"B4\" data-x=\"1\" data-y=\"4\" data-db-index=\"4\" class=\"htCenter htMiddle bg-efcad4\" data-cell-type=\"text\" data-original-value=\"\" data-order=\"\" data-hide=\"true\" ><\/td><td data-cell-id=\"C4\" data-x=\"2\" data-y=\"4\" data-db-index=\"4\" class=\"htCenter htMiddle bg-c38eac\" data-cell-type=\"text\" data-original-value=\"CH Martha of the Hellacious Acres\" data-order=\"CH Martha of the Hellacious Acres\" >CH Martha of the Hellacious Acres <\/td><\/tr><tr style=\"height:35px\" ><td data-cell-id=\"A5\" data-x=\"0\" data-y=\"5\" data-db-index=\"5\" class=\"htCenter htMiddle bg-f4eaea\" data-cell-type=\"text\" data-original-value=\"Sequins Sutalidihi\" data-order=\"Sequins Sutalidihi\" data-colspan=\"1\" data-rowspan=\"4\" >Sequins Sutalidihi <\/td><td data-cell-id=\"B5\" data-x=\"1\" data-y=\"5\" data-db-index=\"5\" class=\"htCenter htMiddle bg-efcad4\" data-cell-type=\"text\" data-original-value=\"CH Sequins Showdown\" data-order=\"CH Sequins Showdown\" data-colspan=\"1\" data-rowspan=\"2\" >CH Sequins Showdown <\/td><td data-cell-id=\"C5\" data-x=\"2\" data-y=\"5\" data-db-index=\"5\" class=\"htCenter htMiddle bg-c38eac\" data-cell-type=\"text\" data-original-value=\"CH Majik Finders Keeper\" data-order=\"CH Majik Finders Keeper\" >CH Majik Finders Keeper <\/td><\/tr><tr style=\"height:29px\" ><td data-cell-id=\"A6\" data-x=\"0\" data-y=\"6\" data-db-index=\"6\" class=\"htCenter htMiddle bg-f4eaea\" data-cell-type=\"text\" data-original-value=\"\" data-order=\"\" data-hide=\"true\" ><\/td><td data-cell-id=\"B6\" data-x=\"1\" data-y=\"6\" data-db-index=\"6\" class=\"htCenter htMiddle bg-efcad4\" data-cell-type=\"text\" data-original-value=\"\" data-order=\"\" data-hide=\"true\" ><\/td><td data-cell-id=\"C6\" data-x=\"2\" data-y=\"6\" data-db-index=\"6\" class=\"htCenter htMiddle bg-c38eac\" data-cell-type=\"text\" data-original-value=\"Sequins Sharpless\" data-order=\"Sequins Sharpless\" >Sequins Sharpless <\/td><\/tr><tr style=\"height:32px\" ><td data-cell-id=\"A7\" data-x=\"0\" data-y=\"7\" data-db-index=\"7\" class=\"htCenter htMiddle bg-f4eaea\" data-cell-type=\"text\" data-original-value=\"\" data-order=\"\" data-hide=\"true\" ><\/td><td data-cell-id=\"B7\" data-x=\"1\" data-y=\"7\" data-db-index=\"7\" class=\"htCenter htMiddle bg-efcad4\" data-cell-type=\"text\" data-original-value=\"Sequins Shange\" data-order=\"Sequins Shange\" data-colspan=\"1\" data-rowspan=\"2\" >Sequins Shange <\/td><td data-cell-id=\"C7\" data-x=\"2\" data-y=\"7\" data-db-index=\"7\" class=\"htCenter htMiddle bg-c38eac\" data-cell-type=\"text\" data-original-value=\"Much A Do v.d. Beerse Hoeve\" data-order=\"Much A Do v.d. Beerse Hoeve\" >Much A Do v.d. Beerse Hoeve <\/td><\/tr><tr style=\"height:30px\" ><td data-cell-id=\"A8\" data-x=\"0\" data-y=\"8\" data-db-index=\"8\" class=\"htCenter htMiddle bg-f4eaea\" data-cell-type=\"text\" data-original-value=\"\" data-order=\"\" data-hide=\"true\" ><\/td><td data-cell-id=\"B8\" data-x=\"1\" data-y=\"8\" data-db-index=\"8\" class=\"htCenter htMiddle bg-efcad4\" data-cell-type=\"text\" data-original-value=\"\" data-order=\"\" data-hide=\"true\" ><\/td><td data-cell-id=\"C8\" data-x=\"2\" data-y=\"8\" data-db-index=\"8\" class=\"htCenter htMiddle bg-c38eac\" data-cell-type=\"text\" data-original-value=\"Mathilda of the Hellacious Acres\" data-order=\"Mathilda of the Hellacious Acres\" >Mathilda of the Hellacious Acres <\/td><\/tr><\/tbody><\/table><!-- \/#supsystic-table-27.supsystic-table --><\/div><!-- \/.supsystic-tables-wrap --><!-- Tables Generator by Supsystic --><!-- Version:1.11.0 --><!-- http:\/\/supsystic.com\/ --><a title=\"WP Data Tables\" style=\"display:none;\" href=\"https:\/\/supsystic.com\/plugins\/wordpress-data-table-plugin\/?utm_medium=love_link\" target=\"_blank\">WP Data Tables<\/a>\n","protected":false},"excerpt":{"rendered":"<p>Nach sorgf\u00e4ltiger Auswahl des Deckr\u00fcdens, haben wir uns f\u00fcr&nbsp;den R\u00fcden Sequins Soroush &#8222;Dex&#8220; aus dem Kennel Sequins von C. Knippenborg in den Niederlanden entschieden. Wir erhoffen uns aus dieser Verpaarung&nbsp;creme bis hellgoldene Welpen, die sich durch ihr sanftes Wesen mit viel &#8222;will to please&#8220; und Temperament auszeichnen. 14.06.2024 &#8211; Charly wurde von Dex erfolgreich gedeckt. [&hellip;]<\/p>\n","protected":false},"author":2,"featured_media":0,"parent":0,"menu_order":0,"comment_status":"closed","ping_status":"closed","template":"","meta":{"footnotes":""},"class_list":["post-2713","page","type-page","status-publish","hentry"],"_links":{"self":[{"href":"https:\/\/www.goldendreamcatchers.de\/wordpress\/wp-json\/wp\/v2\/pages\/2713","targetHints":{"allow":["GET"]}}],"collection":[{"href":"https:\/\/www.goldendreamcatchers.de\/wordpress\/wp-json\/wp\/v2\/pages"}],"about":[{"href":"https:\/\/www.goldendreamcatchers.de\/wordpress\/wp-json\/wp\/v2\/types\/page"}],"author":[{"embeddable":true,"href":"https:\/\/www.goldendreamcatchers.de\/wordpress\/wp-json\/wp\/v2\/users\/2"}],"replies":[{"embeddable":true,"href":"https:\/\/www.goldendreamcatchers.de\/wordpress\/wp-json\/wp\/v2\/comments?post=2713"}],"version-history":[{"count":8,"href":"https:\/\/www.goldendreamcatchers.de\/wordpress\/wp-json\/wp\/v2\/pages\/2713\/revisions"}],"predecessor-version":[{"id":2757,"href":"https:\/\/www.goldendreamcatchers.de\/wordpress\/wp-json\/wp\/v2\/pages\/2713\/revisions\/2757"}],"wp:attachment":[{"href":"https:\/\/www.goldendreamcatchers.de\/wordpress\/wp-json\/wp\/v2\/media?parent=2713"}],"curies":[{"name":"wp","href":"https:\/\/api.w.org\/{rel}","templated":true}]}}