{"id":93,"date":"2016-10-24T07:19:45","date_gmt":"2016-10-24T05:19:45","guid":{"rendered":"http:\/\/www.goldendreamcatchers.de\/wordpress\/?page_id=93"},"modified":"2023-04-04T17:32:14","modified_gmt":"2023-04-04T15:32:14","slug":"ueber-uns","status":"publish","type":"page","link":"https:\/\/www.goldendreamcatchers.de\/wordpress\/ueber-uns\/","title":{"rendered":"\u00dcber uns"},"content":{"rendered":"<hr \/>\n<p>Wir, mein Mann, meine drei erwachsenen Kinder und ich leben heute mit unseren Golden Retriever(s) in Butzbach-Wiesental.<br \/>\nWiesental liegt am Rande des Taunus und mitten in Wald- und Wiesengebieten der \u201eGoldenen Wetterau\u201c.<br \/>\nIn unserer Umgebung l\u00e4sst es sich sehr gut mit Hunden leben und trainieren.<br \/>\nUnsere Hunde leben mit uns zusammen im Haus und sind immer und \u00fcberall mit uns unterwegs.<\/p>\n<p>Ich gehe sehr gerne auf Ausstellungen und bilde meine Golden \u201eretriever-gerecht&#8220; aus. \u00dcber die Freude an und mit meinen Golden Retrievern sind wir zu unserem Zwingernamen \u201eGolden Dreamcatchers\u201c gekommen.<\/p>\n<p>Als Zuchtwartin bin ich Ansprechpartner f\u00fcr alle Fragen rund um den Golden Retriever im Golden Retriever Club e.V.<\/p>\n<figure id=\"attachment_142\" aria-describedby=\"caption-attachment-142\" style=\"width: 300px\" class=\"wp-caption aligncenter\"><a href=\"http:\/\/www.goldendreamcatchers.de\/wordpress\/wp-content\/uploads\/2016\/10\/andrea_alle.jpg\"><img loading=\"lazy\" decoding=\"async\" class=\"wp-image-142 size-medium\" src=\"http:\/\/www.goldendreamcatchers.de\/wordpress\/wp-content\/uploads\/2016\/10\/andrea_alle-300x209.jpg\" alt=\"andrea_alle\" width=\"300\" height=\"209\" srcset=\"https:\/\/www.goldendreamcatchers.de\/wordpress\/wp-content\/uploads\/2016\/10\/andrea_alle-300x209.jpg 300w, https:\/\/www.goldendreamcatchers.de\/wordpress\/wp-content\/uploads\/2016\/10\/andrea_alle.jpg 350w\" sizes=\"auto, (max-width: 300px) 100vw, 300px\" \/><\/a><figcaption id=\"caption-attachment-142\" class=\"wp-caption-text\">Mike, Ivette, Paul und Marley im Fr\u00fchling 2009<\/figcaption><\/figure>\n<p>Ja, und wie alles begann:<br \/>\nMeine \u201eRetriever-Mania\u201c begann mit unserem Labrador Retriever \u201ePaul\u201c, unserem Oldtimer und Weltenbummler. Er begleitete uns fast 13 Jahren durch die ganze Welt. Denn ohne Paul nach New York, Miami oder einfach nur in die Alpen, \u2026 undenkbar! Wir vermissen dich sehr!<br \/>\nW\u00e4hrend unseres 3-j\u00e4hrigen USA-Aufenthaltes kam unser \u201eAmerican Girl\u201c, Louise by Remington Gold Label zu uns. Eine echte Washingtonerin: \u201eAutofahren ein Hochgenuss, Bewegung muss nicht unbedingt sein!\u201c Ich wurde aktives Mitglied im Everglades Golden Retriever Club, ging auf Ausstellungen und bildete Louise zum \u201eamerikanischen\u201c Begleithund aus. Leider musste sie viel zu fr\u00fch gehen. Wir verloren sie durch einen tragischen Unfall in einer heftigen Hurrikane-Zeit.<br \/>\nZur\u00fcck in Old Germany kamen Mike (It,s me, \u201eIllusion\u201c of Cadillac) und Ivette (In My Heart Ivette My Great Fascination), zwei ganz liebe h\u00fcbsche Goldies in unsere Familie und erziehen nun das Rudel.<br \/>\nSeit Anfang Januar 2009 ist nun unsere Marley, eine ganz entz\u00fcckende, s\u00fc\u00dfe Golden Retriever Dame &#8211; Little Violet,s Orange Blossom \u2013aus \u00d6sterreich bei uns eingezogen.<br \/>\nMeine Hoffnung !<\/p>\n<p>&#8230;.. und die Geschichte geht weiter :-)&#8230;.<\/p>\n<p>wie man auf den folgenden Seiten auf unserer Homepage sehen und lesen kann.<\/p>\n<p><a href=\"http:\/\/www.hundesalon-happypaws.de\/\" target=\"_blank\" rel=\"noopener\"><img loading=\"lazy\" decoding=\"async\" class=\"alignnone wp-image-211 size-full\" src=\"http:\/\/www.goldendreamcatchers.de\/wordpress\/wp-content\/uploads\/2016\/10\/logo_happypaws_web.jpg\" alt=\"logo_happypaws_web\" width=\"200\" height=\"220\" \/><\/a><\/p>\n<p><a href=\"http:\/\/www.hundesalon-happypaws.de\"><img loading=\"lazy\" decoding=\"async\" class=\"alignnone size-full wp-image-814\" src=\"http:\/\/www.goldendreamcatchers.de\/wordpress\/wp-content\/uploads\/2018\/02\/All-Photos-1-von-2.jpg\" alt=\"\" width=\"610\" height=\"199\" srcset=\"https:\/\/www.goldendreamcatchers.de\/wordpress\/wp-content\/uploads\/2018\/02\/All-Photos-1-von-2.jpg 610w, https:\/\/www.goldendreamcatchers.de\/wordpress\/wp-content\/uploads\/2018\/02\/All-Photos-1-von-2-300x98.jpg 300w\" sizes=\"auto, (max-width: 610px) 100vw, 610px\" \/><\/a><\/p>\n","protected":false},"excerpt":{"rendered":"<p>Wir, mein Mann, meine drei erwachsenen Kinder und ich leben heute mit unseren Golden Retriever(s) in Butzbach-Wiesental. Wiesental liegt am Rande des Taunus und mitten in Wald- und Wiesengebieten der \u201eGoldenen Wetterau\u201c. In unserer Umgebung l\u00e4sst es sich sehr gut mit Hunden leben und trainieren. Unsere Hunde leben mit uns zusammen im Haus und sind [&hellip;]<\/p>\n","protected":false},"author":1,"featured_media":0,"parent":0,"menu_order":0,"comment_status":"closed","ping_status":"closed","template":"page-templates\/template-left-right.php","meta":{"footnotes":""},"class_list":["post-93","page","type-page","status-publish","hentry"],"_links":{"self":[{"href":"https:\/\/www.goldendreamcatchers.de\/wordpress\/wp-json\/wp\/v2\/pages\/93","targetHints":{"allow":["GET"]}}],"collection":[{"href":"https:\/\/www.goldendreamcatchers.de\/wordpress\/wp-json\/wp\/v2\/pages"}],"about":[{"href":"https:\/\/www.goldendreamcatchers.de\/wordpress\/wp-json\/wp\/v2\/types\/page"}],"author":[{"embeddable":true,"href":"https:\/\/www.goldendreamcatchers.de\/wordpress\/wp-json\/wp\/v2\/users\/1"}],"replies":[{"embeddable":true,"href":"https:\/\/www.goldendreamcatchers.de\/wordpress\/wp-json\/wp\/v2\/comments?post=93"}],"version-history":[{"count":14,"href":"https:\/\/www.goldendreamcatchers.de\/wordpress\/wp-json\/wp\/v2\/pages\/93\/revisions"}],"predecessor-version":[{"id":2251,"href":"https:\/\/www.goldendreamcatchers.de\/wordpress\/wp-json\/wp\/v2\/pages\/93\/revisions\/2251"}],"wp:attachment":[{"href":"https:\/\/www.goldendreamcatchers.de\/wordpress\/wp-json\/wp\/v2\/media?parent=93"}],"curies":[{"name":"wp","href":"https:\/\/api.w.org\/{rel}","templated":true}]}}